{"id":14,"date":"2015-02-25T09:18:27","date_gmt":"2015-02-25T08:18:27","guid":{"rendered":"http:\/\/www.vw-society-salzstetten.de\/?page_id=14"},"modified":"2017-01-19T09:35:00","modified_gmt":"2017-01-19T08:35:00","slug":"ueber-uns","status":"publish","type":"page","link":"http:\/\/www.vw-society-salzstetten.de\/?page_id=14","title":{"rendered":"\u00dcber uns"},"content":{"rendered":"<div class=\"fusion-fullwidth fullwidth-box fusion-builder-row-1 hundred-percent-fullwidth non-hundred-percent-height-scrolling\" style=\"background-color: rgba(255,255,255,0);background-position: center center;background-repeat: no-repeat;padding-top:0px;padding-right:0px;padding-bottom:0px;padding-left:0px;margin-bottom: 0px;margin-top: 0px;border-width: 0px 0px 0px 0px;border-color:#eae9e9;border-style:solid;\" ><div class=\"fusion-builder-row fusion-row\"><div class=\"fusion-layout-column fusion_builder_column fusion-builder-column-0 fusion_builder_column_1_2 1_2 fusion-one-half fusion-column-first\" style=\"width:48%; margin-right: 4%;margin-top:0px;margin-bottom:20px;\"><div class=\"fusion-column-wrapper fusion-flex-column-wrapper-legacy\" style=\"background-position:left top;background-repeat:no-repeat;-webkit-background-size:cover;-moz-background-size:cover;-o-background-size:cover;background-size:cover;padding: 0px 0px 0px 0px;\"><div class=\"fusion-text fusion-text-1\"><p style=\"text-align: justify;\">Was git es \u00fcber die &#8222;VW SOCIETY Salzstetten&#8220; zu erz\u00e4hlen? &#8230;<\/p>\n<p style=\"text-align: justify;\">&#8230;die VW SOCIETY Salzstetten gibt es seit Anfang 2009, eine Interessengemeinschaft die dem MRSV Waldachtal e.V. im ADAC angeh\u00f6rt. Aber, wir sind mehr als nur eine IG., die Leidenschaft zu unseren Autos und die jahrelange Freundschaft ist das, was uns wirklich verbindet.<\/p>\n<p style=\"text-align: justify;\">&#8230;wir sind ein bunt zusammengew\u00fcrfelter Haufen von VW\/Audi und Tuning Verr\u00fcckten, die ihren Spa\u00df haben und ihr Hobby LIEBEN und LEBEN!!!<\/p>\n<p style=\"text-align: justify;\">&#8230;bei uns steht nicht nur das Schrauben im Vordergrund, auch gemeinsame Aktivit\u00e4ten wie die Besuche der Treffen und dem j\u00e4hrlichen Wahnsinn am W\u00f6rthersee. Unsere Aktivit\u00e4ten beschr\u00e4nken sich nat\u00fcrlich nicht nur auf unsere Autos, sondern auch auf feucht fr\u00f6hliche Partyabende und gemeinsame Ausfl\u00fcge.<\/p>\n<p style=\"text-align: justify;\">Also wenn du Deine Ideen und Interessen mit uns teilen m\u00f6chtest, dann kontaktiere uns.<\/p>\n<p style=\"text-align: justify;\">Wir freuen uns auf dich!!!<\/p>\n<\/div><div class=\"fusion-clearfix\"><\/div><\/div><\/div><div class=\"fusion-layout-column fusion_builder_column fusion-builder-column-1 fusion_builder_column_1_2 1_2 fusion-one-half fusion-column-last\" style=\"width:48%;margin-top:0px;margin-bottom:20px;\"><div class=\"fusion-column-wrapper fusion-flex-column-wrapper-legacy\" style=\"background-position:left top;background-repeat:no-repeat;-webkit-background-size:cover;-moz-background-size:cover;-o-background-size:cover;background-size:cover;padding: 0px 0px 0px 0px;\"><span class=\" fusion-imageframe imageframe-dropshadow imageframe-1 hover-type-none\" style=\"-webkit-box-shadow: 3px 3px 7px rgba(0,0,0,0.3);box-shadow: 3px 3px 7px rgba(0,0,0,0.3);\"><img decoding=\"async\" width=\"640\" height=\"505\" title=\"Foto1 VW-Society 2015 wm Foto P1050117\" src=\"http:\/\/www.vw-society-salzstetten.de\/wp-content\/uploads\/2015\/02\/Foto1-VW-Society-2015-wm-Foto-P1050117.jpg\" alt class=\"img-responsive wp-image-777\" srcset=\"http:\/\/www.vw-society-salzstetten.de\/wp-content\/uploads\/2015\/02\/Foto1-VW-Society-2015-wm-Foto-P1050117-300x237.jpg 300w, http:\/\/www.vw-society-salzstetten.de\/wp-content\/uploads\/2015\/02\/Foto1-VW-Society-2015-wm-Foto-P1050117.jpg 640w\" sizes=\"(max-width: 640px) 100vw, 640px\" \/><\/span><div class=\"fusion-clearfix\"><\/div><\/div><\/div><\/div><style type=\"text\/css\">.fusion-fullwidth.fusion-builder-row-1 { overflow:visible; }<\/style><\/div>\n","protected":false},"excerpt":{"rendered":"","protected":false},"author":1,"featured_media":0,"parent":0,"menu_order":0,"comment_status":"closed","ping_status":"closed","template":"","meta":{"jetpack_post_was_ever_published":false,"footnotes":""},"class_list":["post-14","page","type-page","status-publish","hentry"],"jetpack_sharing_enabled":true,"jetpack_shortlink":"https:\/\/wp.me\/P5QCXS-e","_links":{"self":[{"href":"http:\/\/www.vw-society-salzstetten.de\/index.php?rest_route=\/wp\/v2\/pages\/14","targetHints":{"allow":["GET"]}}],"collection":[{"href":"http:\/\/www.vw-society-salzstetten.de\/index.php?rest_route=\/wp\/v2\/pages"}],"about":[{"href":"http:\/\/www.vw-society-salzstetten.de\/index.php?rest_route=\/wp\/v2\/types\/page"}],"author":[{"embeddable":true,"href":"http:\/\/www.vw-society-salzstetten.de\/index.php?rest_route=\/wp\/v2\/users\/1"}],"replies":[{"embeddable":true,"href":"http:\/\/www.vw-society-salzstetten.de\/index.php?rest_route=%2Fwp%2Fv2%2Fcomments&post=14"}],"version-history":[{"count":21,"href":"http:\/\/www.vw-society-salzstetten.de\/index.php?rest_route=\/wp\/v2\/pages\/14\/revisions"}],"predecessor-version":[{"id":854,"href":"http:\/\/www.vw-society-salzstetten.de\/index.php?rest_route=\/wp\/v2\/pages\/14\/revisions\/854"}],"wp:attachment":[{"href":"http:\/\/www.vw-society-salzstetten.de\/index.php?rest_route=%2Fwp%2Fv2%2Fmedia&parent=14"}],"curies":[{"name":"wp","href":"https:\/\/api.w.org\/{rel}","templated":true}]}}