{"id":561,"date":"2015-03-13T05:07:51","date_gmt":"2015-03-13T04:07:51","guid":{"rendered":"http:\/\/www.vw-society-salzstetten.de\/?page_id=561"},"modified":"2017-01-19T09:34:59","modified_gmt":"2017-01-19T08:34:59","slug":"audi-a4-2","status":"publish","type":"page","link":"http:\/\/www.vw-society-salzstetten.de\/?page_id=561","title":{"rendered":"Marcel M."},"content":{"rendered":"<div class=\"fusion-fullwidth fullwidth-box fusion-builder-row-1 hundred-percent-fullwidth non-hundred-percent-height-scrolling\" style=\"background-color: rgba(255,255,255,0);background-position: center center;background-repeat: no-repeat;padding-top:0px;padding-right:0px;padding-bottom:0px;padding-left:0px;margin-bottom: 0px;margin-top: 0px;border-width: 0px 0px 0px 0px;border-color:#eae9e9;border-style:solid;\" ><div class=\"fusion-builder-row fusion-row\"><div class=\"fusion-layout-column fusion_builder_column fusion-builder-column-0 fusion_builder_column_1_2 1_2 fusion-one-half fusion-column-first\" style=\"width:48%; margin-right: 4%;margin-top:0px;margin-bottom:20px;\"><div class=\"fusion-column-wrapper fusion-flex-column-wrapper-legacy\" style=\"background-position:left top;background-repeat:no-repeat;-webkit-background-size:cover;-moz-background-size:cover;-o-background-size:cover;background-size:cover;padding: 0px 0px 0px 0px;\"><script type=\"text\/javascript\">jQuery(function() { _initLayerSlider( '#layerslider_28_ya96oz810xh2', {sliderVersion: '', responsiveUnder: 0, layersContainer: 0, hideUnder: 0, hideOver: 100000, pauseOnHover: 'on', skin: 'v5', useSrcset: true, skinsPath: 'http:\/\/www.vw-society-salzstetten.de\/wp-content\/plugins\/LayerSlider\/assets\/static\/layerslider\/skins\/', type: 'responsive', showCircleTimer: false}); });<\/script><div id=\"layerslider_28_ya96oz810xh2\" class=\"ls-wp-container fitvidsignore\" style=\"width:640px;height:426px;margin:0 auto;margin-bottom: 0px;\"><div class=\"ls-slide\" data-ls=\"duration:4000;transition2d:12;\"><img decoding=\"async\" width=\"640\" height=\"426\" src=\"http:\/\/www.vw-society-salzstetten.de\/wp-content\/uploads\/2015\/03\/Audi_A4_B8_1.jpg\" class=\"ls-bg\" alt=\"\" srcset=\"http:\/\/www.vw-society-salzstetten.de\/wp-content\/uploads\/2015\/03\/Audi_A4_B8_1-300x200.jpg 300w, http:\/\/www.vw-society-salzstetten.de\/wp-content\/uploads\/2015\/03\/Audi_A4_B8_1.jpg 640w\" sizes=\"(max-width: 640px) 100vw, 640px\" \/><\/div><div class=\"ls-slide\" data-ls=\"duration:4000;transition2d:12;\"><img decoding=\"async\" width=\"640\" height=\"426\" src=\"http:\/\/www.vw-society-salzstetten.de\/wp-content\/uploads\/2015\/03\/Audi_A4_B8_2.jpg\" class=\"ls-bg\" alt=\"\" srcset=\"http:\/\/www.vw-society-salzstetten.de\/wp-content\/uploads\/2015\/03\/Audi_A4_B8_2-300x200.jpg 300w, http:\/\/www.vw-society-salzstetten.de\/wp-content\/uploads\/2015\/03\/Audi_A4_B8_2.jpg 640w\" sizes=\"(max-width: 640px) 100vw, 640px\" \/><\/div><div class=\"ls-slide\" data-ls=\"duration:4000;transition2d:12;\"><img decoding=\"async\" width=\"640\" height=\"426\" src=\"http:\/\/www.vw-society-salzstetten.de\/wp-content\/uploads\/2015\/03\/Audi_A4_B8_3.jpg\" class=\"ls-bg\" alt=\"\" srcset=\"http:\/\/www.vw-society-salzstetten.de\/wp-content\/uploads\/2015\/03\/Audi_A4_B8_3-300x200.jpg 300w, http:\/\/www.vw-society-salzstetten.de\/wp-content\/uploads\/2015\/03\/Audi_A4_B8_3.jpg 640w\" sizes=\"(max-width: 640px) 100vw, 640px\" \/><\/div><\/div><div class=\"fusion-clearfix\"><\/div><\/div><\/div><div class=\"fusion-layout-column fusion_builder_column fusion-builder-column-1 fusion_builder_column_1_2 1_2 fusion-one-half fusion-column-last\" style=\"width:48%;margin-top:0px;margin-bottom:20px;\"><div class=\"fusion-column-wrapper fusion-flex-column-wrapper-legacy\" style=\"background-position:left top;background-repeat:no-repeat;-webkit-background-size:cover;-moz-background-size:cover;-o-background-size:cover;background-size:cover;padding: 0px 0px 0px 0px;\"><div class=\"fusion-text fusion-text-1\"><div class=\"table-2\">\n<table width=\"100%\">\n<thead>\n<tr>\n<th style=\"text-align: left;\" align=\"left\"><strong>Typ:<\/strong><\/th>\n<th align=\"left\"><strong>Audi A4<br \/>\n<\/strong><\/th>\n<\/tr>\n<\/thead>\n<tbody>\n<tr>\n<td><strong>Baujahr:<\/strong><\/td>\n<td>2008<\/td>\n<\/tr>\n<tr>\n<td><strong>Motor:<\/strong><\/td>\n<td>2.0 TFSI<\/td>\n<\/tr>\n<tr>\n<td><strong>Leistung:<\/strong><\/td>\n<td>211 PS<strong><br \/>\n<\/strong><\/td>\n<\/tr>\n<tr>\n<td><strong>Auspuff:<\/strong><\/td>\n<td>Noch original<\/td>\n<\/tr>\n<tr>\n<td><strong>Fahrwerk:<\/strong><\/td>\n<td>KW Variante 1 Inox<strong><br \/>\n<\/strong><\/td>\n<\/tr>\n<tr>\n<td><strong>Bremsen:<\/strong><\/td>\n<td>Bremss\u00e4ttel rot lackiert<\/td>\n<\/tr>\n<tr>\n<td><strong>Felgen:<\/strong><\/td>\n<td>Audi Sline Felgen 19 Zoll<strong><br \/>\n<\/strong><\/td>\n<\/tr>\n<tr>\n<td><strong>Karosserie\/Lack:<\/strong><\/td>\n<td>Uni Schwarz original Lack, S-line Exterieur Paket, R\u00fcckleuchten get\u00f6nt<\/td>\n<\/tr>\n<tr>\n<td><strong>Interieur:<\/strong><\/td>\n<td>S-line Ausstattung, Teilleder, Scheiben schwarz get\u00f6nt<strong><br \/>\n<\/strong><\/td>\n<\/tr>\n<tr>\n<td><strong>Hifi:<\/strong><\/td>\n<td>Bose Sound System<\/td>\n<\/tr>\n<tr>\n<td><strong>Sonstiges:<\/strong><\/td>\n<td>F\u00fcr 2015 sind geplant: 20&#215;9,5 Zoll AMG Alufelgen, Facelift LED R\u00fcckleuchten (get\u00f6nt), RS K\u00fchlergrill<strong><br \/>\n<\/strong><\/td>\n<\/tr>\n<\/tbody>\n<\/table>\n<\/div>\n<\/div><div class=\"fusion-clearfix\"><\/div><\/div><\/div><\/div><style type=\"text\/css\">.fusion-fullwidth.fusion-builder-row-1 { overflow:visible; }<\/style><\/div>\n","protected":false},"excerpt":{"rendered":"","protected":false},"author":1,"featured_media":0,"parent":0,"menu_order":0,"comment_status":"closed","ping_status":"closed","template":"","meta":{"jetpack_post_was_ever_published":false,"footnotes":""},"class_list":["post-561","page","type-page","status-publish","hentry"],"jetpack_sharing_enabled":true,"jetpack_shortlink":"https:\/\/wp.me\/P5QCXS-93","_links":{"self":[{"href":"http:\/\/www.vw-society-salzstetten.de\/index.php?rest_route=\/wp\/v2\/pages\/561","targetHints":{"allow":["GET"]}}],"collection":[{"href":"http:\/\/www.vw-society-salzstetten.de\/index.php?rest_route=\/wp\/v2\/pages"}],"about":[{"href":"http:\/\/www.vw-society-salzstetten.de\/index.php?rest_route=\/wp\/v2\/types\/page"}],"author":[{"embeddable":true,"href":"http:\/\/www.vw-society-salzstetten.de\/index.php?rest_route=\/wp\/v2\/users\/1"}],"replies":[{"embeddable":true,"href":"http:\/\/www.vw-society-salzstetten.de\/index.php?rest_route=%2Fwp%2Fv2%2Fcomments&post=561"}],"version-history":[{"count":5,"href":"http:\/\/www.vw-society-salzstetten.de\/index.php?rest_route=\/wp\/v2\/pages\/561\/revisions"}],"predecessor-version":[{"id":826,"href":"http:\/\/www.vw-society-salzstetten.de\/index.php?rest_route=\/wp\/v2\/pages\/561\/revisions\/826"}],"wp:attachment":[{"href":"http:\/\/www.vw-society-salzstetten.de\/index.php?rest_route=%2Fwp%2Fv2%2Fmedia&parent=561"}],"curies":[{"name":"wp","href":"https:\/\/api.w.org\/{rel}","templated":true}]}}